{"id":59,"date":"2024-11-25T09:17:42","date_gmt":"2024-11-25T09:17:42","guid":{"rendered":"http:\/\/cechal.at\/?page_id=59"},"modified":"2024-12-11T15:17:42","modified_gmt":"2024-12-11T15:17:42","slug":"impressum","status":"publish","type":"page","link":"https:\/\/cechal.at\/en\/impressum\/","title":{"rendered":"Imprint"},"content":{"rendered":"<div class=\"wp-block-group alignfull has-background has-global-padding is-layout-constrained wp-block-group-is-layout-constrained\" style=\"background-color:#003b54\">\n<div style=\"height:100px\" aria-hidden=\"true\" class=\"wp-block-spacer\"><\/div>\n\n\n\n<h2 class=\"wp-block-heading has-base-2-color has-text-color has-link-color has-body-font-family has-x-large-font-size wp-elements-18a35d038f716543885b95a80eac9a39\" style=\"font-style:normal;font-weight:700\">Imprint<\/h2>\n\n\n\n<p class=\"has-base-2-color has-text-color has-link-color wp-elements-16e4504c8a7777f79f1278c1cb1911fa\">Name of Company: Peter Cechal<br>Represented by: Peter Cechal<br>Address: Grazer Strasse 54, 8045 Graz, Austria<br>Telephone:  +43 664 6253045<br>E-Mail: peter@cechal.at<br>Website: www.cechal.at<\/p>\n\n\n\n<p class=\"has-base-2-color has-text-color has-link-color wp-elements-f5adce532caabcb4320b2d7ec31e9bd5\"><strong>Umsatzsteuer-ID:<\/strong><br>ATU 79 31 01 12<\/p>\n\n\n\n<p class=\"has-base-2-color has-text-color has-link-color wp-elements-9fc938843bcd8e6d97125f91a9dbd358\"><strong>Disclaimer<\/strong><br>The contents of this website have been created with the greatest possible care. However, no guarantee can be given for the accuracy, completeness and topicality of the contents.<\/p>\n\n\n\n<p class=\"has-base-2-color has-text-color has-link-color wp-elements-a0945cb873753ee29efb996aeb081fb4\"><strong>Copyright<\/strong><br>The content and works on these pages created by the site operators are subject to German copyright law. Contributions from third parties are marked as such.<\/p>\n\n\n\n<div style=\"height:100px\" aria-hidden=\"true\" class=\"wp-block-spacer\"><\/div>\n<\/div>","protected":false},"excerpt":{"rendered":"<p>Impressum Name des Unternehmens: Peter CechalVertreten durch: Peter CechalAdresse: Grazer Strasse 54, 8045 Graz, AustriaTelefon: +43 664 6253045E-Mail: peter@cechal.atWebsite: www.cechal.at Umsatzsteuer-ID:ATU 79 31 01 12 Haftungsausschluss:Die Inhalte dieser Website wurden mit gr\u00f6\u00dftm\u00f6glicher Sorgfalt erstellt. F\u00fcr die Richtigkeit, Vollst\u00e4ndigkeit und Aktualit\u00e4t der Inhalte kann jedoch keine Gew\u00e4hr \u00fcbernommen werden. Urheberrecht:Die durch die Seitenbetreiber erstellten Inhalte und [&hellip;]<\/p>","protected":false},"author":1,"featured_media":0,"parent":0,"menu_order":0,"comment_status":"closed","ping_status":"closed","template":"","meta":{"_eb_attr":"","footnotes":""},"class_list":["post-59","page","type-page","status-publish","hentry"],"_links":{"self":[{"href":"https:\/\/cechal.at\/en\/wp-json\/wp\/v2\/pages\/59","targetHints":{"allow":["GET"]}}],"collection":[{"href":"https:\/\/cechal.at\/en\/wp-json\/wp\/v2\/pages"}],"about":[{"href":"https:\/\/cechal.at\/en\/wp-json\/wp\/v2\/types\/page"}],"author":[{"embeddable":true,"href":"https:\/\/cechal.at\/en\/wp-json\/wp\/v2\/users\/1"}],"replies":[{"embeddable":true,"href":"https:\/\/cechal.at\/en\/wp-json\/wp\/v2\/comments?post=59"}],"version-history":[{"count":5,"href":"https:\/\/cechal.at\/en\/wp-json\/wp\/v2\/pages\/59\/revisions"}],"predecessor-version":[{"id":80,"href":"https:\/\/cechal.at\/en\/wp-json\/wp\/v2\/pages\/59\/revisions\/80"}],"wp:attachment":[{"href":"https:\/\/cechal.at\/en\/wp-json\/wp\/v2\/media?parent=59"}],"curies":[{"name":"wp","href":"https:\/\/api.w.org\/{rel}","templated":true}]}}